{"id":3071,"date":"2026-02-12T08:08:49","date_gmt":"2026-02-12T08:08:49","guid":{"rendered":"https:\/\/megankahts.com\/?page_id=3071"},"modified":"2026-02-12T08:30:09","modified_gmt":"2026-02-12T08:30:09","slug":"doppo-notte","status":"publish","type":"page","link":"https:\/\/megankahts.com\/de\/doppo-notte\/","title":{"rendered":"Doppo Notte &#8211; Details"},"content":{"rendered":"<div data-elementor-type=\"wp-page\" data-elementor-id=\"3071\" class=\"elementor elementor-3071\" data-elementor-settings=\"{&quot;element_pack_global_tooltip_width&quot;:{&quot;unit&quot;:&quot;px&quot;,&quot;size&quot;:&quot;&quot;,&quot;sizes&quot;:[]},&quot;element_pack_global_tooltip_width_tablet&quot;:{&quot;unit&quot;:&quot;px&quot;,&quot;size&quot;:&quot;&quot;,&quot;sizes&quot;:[]},&quot;element_pack_global_tooltip_width_mobile&quot;:{&quot;unit&quot;:&quot;px&quot;,&quot;size&quot;:&quot;&quot;,&quot;sizes&quot;:[]},&quot;element_pack_global_tooltip_padding&quot;:{&quot;unit&quot;:&quot;px&quot;,&quot;top&quot;:&quot;&quot;,&quot;right&quot;:&quot;&quot;,&quot;bottom&quot;:&quot;&quot;,&quot;left&quot;:&quot;&quot;,&quot;isLinked&quot;:true},&quot;element_pack_global_tooltip_padding_tablet&quot;:{&quot;unit&quot;:&quot;px&quot;,&quot;top&quot;:&quot;&quot;,&quot;right&quot;:&quot;&quot;,&quot;bottom&quot;:&quot;&quot;,&quot;left&quot;:&quot;&quot;,&quot;isLinked&quot;:true},&quot;element_pack_global_tooltip_padding_mobile&quot;:{&quot;unit&quot;:&quot;px&quot;,&quot;top&quot;:&quot;&quot;,&quot;right&quot;:&quot;&quot;,&quot;bottom&quot;:&quot;&quot;,&quot;left&quot;:&quot;&quot;,&quot;isLinked&quot;:true},&quot;element_pack_global_tooltip_border_radius&quot;:{&quot;unit&quot;:&quot;px&quot;,&quot;top&quot;:&quot;&quot;,&quot;right&quot;:&quot;&quot;,&quot;bottom&quot;:&quot;&quot;,&quot;left&quot;:&quot;&quot;,&quot;isLinked&quot;:true},&quot;element_pack_global_tooltip_border_radius_tablet&quot;:{&quot;unit&quot;:&quot;px&quot;,&quot;top&quot;:&quot;&quot;,&quot;right&quot;:&quot;&quot;,&quot;bottom&quot;:&quot;&quot;,&quot;left&quot;:&quot;&quot;,&quot;isLinked&quot;:true},&quot;element_pack_global_tooltip_border_radius_mobile&quot;:{&quot;unit&quot;:&quot;px&quot;,&quot;top&quot;:&quot;&quot;,&quot;right&quot;:&quot;&quot;,&quot;bottom&quot;:&quot;&quot;,&quot;left&quot;:&quot;&quot;,&quot;isLinked&quot;:true}}\" data-elementor-post-type=\"page\">\n\t\t\t\t<div class=\"elementor-element elementor-element-13942a1 e-flex e-con-boxed e-con e-parent\" data-id=\"13942a1\" data-element_type=\"container\" data-e-type=\"container\">\n\t\t\t\t\t<div class=\"e-con-inner\">\n\t\t\t\t<div class=\"elementor-element elementor-element-165caa7 elementor-widget elementor-widget-heading\" data-id=\"165caa7\" data-element_type=\"widget\" data-e-type=\"widget\" data-widget_type=\"heading.default\">\n\t\t\t\t<div class=\"elementor-widget-container\">\n\t\t\t\t\t<h2 class=\"elementor-heading-title elementor-size-default\">Doppo Notte<\/h2>\t\t\t\t<\/div>\n\t\t\t\t<\/div>\n\t\t\t\t<div class=\"elementor-element elementor-element-9058655 elementor-widget elementor-widget-text-editor\" data-id=\"9058655\" data-element_type=\"widget\" data-e-type=\"widget\" data-widget_type=\"text-editor.default\">\n\t\t\t\t<div class=\"elementor-widget-container\">\n\t\t\t\t\t\t\t\t\t<p>Soloist: Megan Kahts<\/p><p>Produziert von: Megan Kahts - Solo Musica<\/p><p>Executive Producer: Hubert Haas<\/p><p>Recording producer: Musikproduktion Stephan Reh \u2022 Recording Engineer, Editing, Mixing, Mastering: Stephan Reh \u00a0<\/p><p>Ver\u00f6ffentlichungsdatum: 06.02.2025<\/p>\t\t\t\t\t\t\t\t<\/div>\n\t\t\t\t<\/div>\n\t\t\t\t<div class=\"elementor-element elementor-element-abfcd3f elementor-widget elementor-widget-video\" data-id=\"abfcd3f\" data-element_type=\"widget\" data-e-type=\"widget\" data-settings=\"{&quot;youtube_url&quot;:&quot;https:\\\/\\\/www.youtube.com\\\/watch?v=CekAu40mw2A&quot;,&quot;video_type&quot;:&quot;youtube&quot;,&quot;controls&quot;:&quot;yes&quot;}\" data-widget_type=\"video.default\">\n\t\t\t\t<div class=\"elementor-widget-container\">\n\t\t\t\t\t\t\t<div class=\"elementor-wrapper elementor-open-inline\">\n\t\t\t<div class=\"elementor-video\"><\/div>\t\t<\/div>\n\t\t\t\t\t\t<\/div>\n\t\t\t\t<\/div>\n\t\t\t\t\t<\/div>\n\t\t\t\t<\/div>\n\t\t<div class=\"elementor-element elementor-element-c285014 e-flex e-con-boxed e-con e-parent\" data-id=\"c285014\" data-element_type=\"container\" data-e-type=\"container\">\n\t\t\t\t\t<div class=\"e-con-inner\">\n\t\t\t\t<div class=\"elementor-element elementor-element-d977a63 elementor-widget elementor-widget-heading\" data-id=\"d977a63\" data-element_type=\"widget\" data-e-type=\"widget\" data-widget_type=\"heading.default\">\n\t\t\t\t<div class=\"elementor-widget-container\">\n\t\t\t\t\t<h2 class=\"elementor-heading-title elementor-size-default\">Kritik<\/h2>\t\t\t\t<\/div>\n\t\t\t\t<\/div>\n\t\t\t\t<div class=\"elementor-element elementor-element-2bccb93 bdt-skin-fedara-style-center elementor-widget elementor-widget-bdt-custom-gallery\" data-id=\"2bccb93\" data-element_type=\"widget\" data-e-type=\"widget\" data-settings=\"{&quot;columns&quot;:&quot;3&quot;,&quot;columns_tablet&quot;:&quot;2&quot;,&quot;columns_mobile&quot;:&quot;1&quot;}\" data-widget_type=\"bdt-custom-gallery.bdt-abetis\">\n\t\t\t\t<div class=\"elementor-widget-container\">\n\t\t\t\t\t\t\t<div id=\"bdt-custom-gallery-2bccb93\" class=\"bdt-custom-gallery bdt-skin-abetis bdt-grid bdt-grid-small\" data-settings=\"{&quot;id&quot;:&quot;#bdt-custom-gallery-2bccb93&quot;,&quot;tiltShow&quot;:false}\">\n\t\t\t\t\t\t<div class=\"bdt-gallery-item bdt-width-1-1 bdt-width-1-2@s bdt-width-1-3@m\">\n\t\t\t\t<div class=\"bdt-custom-gallery-item-inner\">\n\n\t\t\t\t\t\t\t\t\t\t\n\t\t\t\t\t\t\t\t\t\t\t\t\t\t\t\t\t<a data-elementor-open-lightbox=\"no\" href=\"https:\/\/megankahts.com\/wp-content\/uploads\/2026\/02\/opernglas-rezension-CD-DOPO-NOTTE-Bild.jpeg\">\n\t\t\t\t\t\n\n\t\t\t\t\t<div class=\"bdt-custom-gallery-inner bdt-transition-toggle bdt-position-relative\">\n\t\t\t\t\t\t\n\t\t<div class=\"bdt-gallery-thumbnail\">\n\n\t\t\t<img fetchpriority=\"high\" decoding=\"async\" width=\"174\" height=\"300\" src=\"https:\/\/megankahts.com\/wp-content\/uploads\/2026\/02\/opernglas-rezension-CD-DOPO-NOTTE-Bild-174x300.jpeg\" class=\"attachment-medium size-medium\" alt=\"Opernglas 02\/06\" srcset=\"https:\/\/megankahts.com\/wp-content\/uploads\/2026\/02\/opernglas-rezension-CD-DOPO-NOTTE-Bild-174x300.jpeg 174w, https:\/\/megankahts.com\/wp-content\/uploads\/2026\/02\/opernglas-rezension-CD-DOPO-NOTTE-Bild-595x1024.jpeg 595w, https:\/\/megankahts.com\/wp-content\/uploads\/2026\/02\/opernglas-rezension-CD-DOPO-NOTTE-Bild-768x1321.jpeg 768w, https:\/\/megankahts.com\/wp-content\/uploads\/2026\/02\/opernglas-rezension-CD-DOPO-NOTTE-Bild-7x12.jpeg 7w, https:\/\/megankahts.com\/wp-content\/uploads\/2026\/02\/opernglas-rezension-CD-DOPO-NOTTE-Bild.jpeg 828w\" sizes=\"(max-width: 174px) 100vw, 174px\" \/>\n\t\t<\/div>\n\t\t\t\t\t\t\t<\/div>\n\n\t\t\t\t\t\t\t\t\t\t\t<\/a>\n\t\t\t\t\t\n\t\t\t\t\t\t\t<div class=\"bdt-skin-abetis-desc bdt-padding-small\">\n\t\t\t\t\t<h3 class=\"bdt-gallery-item-title\">\n\t\t\tOpernglas 02\/06\t\t<\/h3>\n\t\t\t\t<div class=\"bdt-gallery-item-text\">\"... von Jeremy Joseph sehr einf\u00fchlsam gef\u00fchrt und dem Farbenreichtum von Kahts' Stimme gleichsam Entfaltungsm\u00f6glichkeiten l\u00e4sst.\"<\/div>\n\t\t\t\t\t\n\t\t<\/div>\n\t\t\t\t\t\t<\/div>\n\t\t\t<\/div>\n\t\t\t\t\t<div class=\"bdt-gallery-item bdt-width-1-1 bdt-width-1-2@s bdt-width-1-3@m\">\n\t\t\t\t<div class=\"bdt-custom-gallery-item-inner\">\n\n\t\t\t\t\t\t\t\t\t\t\n\t\t\t\t\t\t\t\t\t\t\t\t\t\t\t\t\t<a data-elementor-open-lightbox=\"no\" href=\"https:\/\/oe1.orf.at\/programm\/20251020\/810636\/Dopo-notte-und-Opium\" target=\"_blank\" data-type=\"iframe\">\n\t\t\t\t\t\n\n\t\t\t\t\t<div class=\"bdt-custom-gallery-inner bdt-transition-toggle bdt-position-relative\">\n\t\t\t\t\t\t\n\t\t<div class=\"bdt-gallery-thumbnail\">\n\n\t\t\t<img decoding=\"async\" width=\"300\" height=\"210\" src=\"https:\/\/megankahts.com\/wp-content\/uploads\/2026\/02\/Oe1-kritik-300x210.jpg\" class=\"attachment-medium size-medium\" alt=\"\u00d61\" srcset=\"https:\/\/megankahts.com\/wp-content\/uploads\/2026\/02\/Oe1-kritik-300x210.jpg 300w, https:\/\/megankahts.com\/wp-content\/uploads\/2026\/02\/Oe1-kritik-1024x716.jpg 1024w, https:\/\/megankahts.com\/wp-content\/uploads\/2026\/02\/Oe1-kritik-768x537.jpg 768w, https:\/\/megankahts.com\/wp-content\/uploads\/2026\/02\/Oe1-kritik-1536x1073.jpg 1536w, https:\/\/megankahts.com\/wp-content\/uploads\/2026\/02\/Oe1-kritik-18x12.jpg 18w, https:\/\/megankahts.com\/wp-content\/uploads\/2026\/02\/Oe1-kritik.jpg 1766w\" sizes=\"(max-width: 300px) 100vw, 300px\" \/>\n\t\t<\/div>\n\t\t\t\t\t\t\t<\/div>\n\n\t\t\t\t\t\t\t\t\t\t\t<\/a>\n\t\t\t\t\t\n\t\t\t\t\t\t\t<div class=\"bdt-skin-abetis-desc bdt-padding-small\">\n\t\t\t\t\t<h3 class=\"bdt-gallery-item-title\">\n\t\t\t\u00d61\t\t<\/h3>\n\t\t\t\t<div class=\"bdt-gallery-item-text\">\"Kahts wechselt m\u00fchelos zwischen beiden Ausdruckswelten der fr\u00fchen weiblichen Operndiva und des gefeierten Kastratens\u00e4ngers \u2013 und bleibt dabei auf bemerkenswerte Weise sich selber treu\"<\/div>\n\t\t\t\t\t\n\t\t<\/div>\n\t\t\t\t\t\t<\/div>\n\t\t\t<\/div>\n\t\t\t\t\t<div class=\"bdt-gallery-item bdt-width-1-1 bdt-width-1-2@s bdt-width-1-3@m\">\n\t\t\t\t<div class=\"bdt-custom-gallery-item-inner\">\n\n\t\t\t\t\t\t\t\t\t\t\n\t\t\t\t\t\t\t\t\t\t\t\t\t\t\t\t\t<a data-elementor-open-lightbox=\"no\" href=\"https:\/\/operawire.com\/cd-review-megan-kahts-dopo-notte\/\" target=\"_blank\" data-type=\"iframe\">\n\t\t\t\t\t\n\n\t\t\t\t\t<div class=\"bdt-custom-gallery-inner bdt-transition-toggle bdt-position-relative\">\n\t\t\t\t\t\t\n\t\t<div class=\"bdt-gallery-thumbnail\">\n\n\t\t\t<img decoding=\"async\" width=\"300\" height=\"177\" src=\"https:\/\/megankahts.com\/wp-content\/uploads\/2026\/02\/operawire-cd-review-300x177.jpg\" class=\"attachment-medium size-medium\" alt=\"Operawire\" srcset=\"https:\/\/megankahts.com\/wp-content\/uploads\/2026\/02\/operawire-cd-review-300x177.jpg 300w, https:\/\/megankahts.com\/wp-content\/uploads\/2026\/02\/operawire-cd-review-1024x605.jpg 1024w, https:\/\/megankahts.com\/wp-content\/uploads\/2026\/02\/operawire-cd-review-768x454.jpg 768w, https:\/\/megankahts.com\/wp-content\/uploads\/2026\/02\/operawire-cd-review-1536x908.jpg 1536w, https:\/\/megankahts.com\/wp-content\/uploads\/2026\/02\/operawire-cd-review-2048x1210.jpg 2048w, https:\/\/megankahts.com\/wp-content\/uploads\/2026\/02\/operawire-cd-review-18x12.jpg 18w\" sizes=\"(max-width: 300px) 100vw, 300px\" \/>\n\t\t<\/div>\n\t\t\t\t\t\t\t<\/div>\n\n\t\t\t\t\t\t\t\t\t\t\t<\/a>\n\t\t\t\t\t\n\t\t\t\t\t\t\t<div class=\"bdt-skin-abetis-desc bdt-padding-small\">\n\t\t\t\t\t<h3 class=\"bdt-gallery-item-title\">\n\t\t\tOperawire\t\t<\/h3>\n\t\t\t\t<div class=\"bdt-gallery-item-text\">\"Als solche best\u00e4tigt die Ver\u00f6ffentlichung Megan Kahts nicht nur als Mezzosopranistin von betr\u00e4chtlichem Potenzial, sondern positioniert sie zugleich als engagierte F\u00fcrsprecherin barocker Vokalliteratur, die nicht blo\u00df virtuos, sondern zutiefst empfunden ist. Dopo notte erweist sich als hervorragende Fortsetzung von Dolce abbandono und zieht durch seine chiaroskurischen Qualit\u00e4ten und die allgegenw\u00e4rtige Melancholie unweigerlich Aufmerksamkeit auf sich \u2014 es verlangt geradezu, geh\u00f6rt zu werden.\"<\/div>\n\t\t\t\t\t\n\t\t<\/div>\n\t\t\t\t\t\t<\/div>\n\t\t\t<\/div>\n\t\t\t\t\t<div class=\"bdt-gallery-item bdt-width-1-1 bdt-width-1-2@s bdt-width-1-3@m\">\n\t\t\t\t<div class=\"bdt-custom-gallery-item-inner\">\n\n\t\t\t\t\t\t\t\t\t\t\n\t\t\t\t\t\t\t\t\t\t\t\t\t\t\t\t\t<a data-elementor-open-lightbox=\"no\" href=\"https:\/\/onlinemerker.com\/nach-der-dunklen-nacht-scheint-der-tag-noch-heller-interview-mit-megan-kahts-ueber-ihr-album-dopo-notte-arias-by-handel-and-hasse\/\" target=\"_blank\" data-type=\"iframe\">\n\t\t\t\t\t\n\n\t\t\t\t\t<div class=\"bdt-custom-gallery-inner bdt-transition-toggle bdt-position-relative\">\n\t\t\t\t\t\t\n\t\t<div class=\"bdt-gallery-thumbnail\">\n\n\t\t\t<img loading=\"lazy\" decoding=\"async\" width=\"300\" height=\"211\" src=\"https:\/\/megankahts.com\/wp-content\/uploads\/2026\/02\/online-merker-Kritik-BILD-300x211.jpg\" class=\"attachment-medium size-medium\" alt=\"Der online Merker\" srcset=\"https:\/\/megankahts.com\/wp-content\/uploads\/2026\/02\/online-merker-Kritik-BILD-300x211.jpg 300w, https:\/\/megankahts.com\/wp-content\/uploads\/2026\/02\/online-merker-Kritik-BILD-1024x719.jpg 1024w, https:\/\/megankahts.com\/wp-content\/uploads\/2026\/02\/online-merker-Kritik-BILD-768x539.jpg 768w, https:\/\/megankahts.com\/wp-content\/uploads\/2026\/02\/online-merker-Kritik-BILD-1536x1078.jpg 1536w, https:\/\/megankahts.com\/wp-content\/uploads\/2026\/02\/online-merker-Kritik-BILD-18x12.jpg 18w, https:\/\/megankahts.com\/wp-content\/uploads\/2026\/02\/online-merker-Kritik-BILD.jpg 1758w\" sizes=\"(max-width: 300px) 100vw, 300px\" \/>\n\t\t<\/div>\n\t\t\t\t\t\t\t<\/div>\n\n\t\t\t\t\t\t\t\t\t\t\t<\/a>\n\t\t\t\t\t\n\t\t\t\t\t\t\t<div class=\"bdt-skin-abetis-desc bdt-padding-small\">\n\t\t\t\t\t<h3 class=\"bdt-gallery-item-title\">\n\t\t\tDer online Merker\t\t<\/h3>\n\t\t\t\t<div class=\"bdt-gallery-item-text\">\"Kahts wechselt m\u00fchelos zwischen beiden Ausdruckswelten der fr\u00fchen weiblichen Operndiva und des gefeierten Kastratens\u00e4ngers \u2013 und bleibt dabei auf bemerkenswerte Weise sich selber treu\"<\/div>\n\t\t\t\t\t\n\t\t<\/div>\n\t\t\t\t\t\t<\/div>\n\t\t\t<\/div>\n\t\t\t\t\t\t<\/div>\n\t\t\t\t\t\t<\/div>\n\t\t\t\t<\/div>\n\t\t\t\t\t<\/div>\n\t\t\t\t<\/div>\n\t\t<div class=\"elementor-element elementor-element-97a7ac1 e-flex e-con-boxed e-con e-parent\" data-id=\"97a7ac1\" data-element_type=\"container\" data-e-type=\"container\">\n\t\t\t\t\t<div class=\"e-con-inner\">\n\t\t\t\t\t<\/div>\n\t\t\t\t<\/div>\n\t\t\t\t<\/div>","protected":false},"excerpt":{"rendered":"<p>Doppo Notte Soloist: Megan Kahts Produced by: Megan Kahts \u2022 Solo Musica Executive Producer: Hubert Haas Recording producer: Musikproduktion Stephan Reh \u2022 Recording Engineer, Editing, Mixing, Mastering: Stephan Reh \u00a0 Publishing Date: 06.02.2025 https:\/\/www.youtube.com\/watch?v=CekAu40mw2A Reviews Opernglas 02\/06 \u201c\u2026sensitively guided by Jeremy Joseph, while at the same time allowing the rich palette of Kahts\u2019 voice room [&hellip;]<\/p>\n","protected":false},"author":1,"featured_media":3095,"parent":0,"menu_order":0,"comment_status":"closed","ping_status":"closed","template":"","meta":{"_acf_changed":false,"footnotes":""},"class_list":["post-3071","page","type-page","status-publish","has-post-thumbnail","hentry"],"acf":[],"yoast_head":"<!-- This site is optimized with the Yoast SEO plugin v27.4 - https:\/\/yoast.com\/product\/yoast-seo-wordpress\/ -->\n<title>Doppo Notte - Details - Megan Kahts<\/title>\n<meta name=\"robots\" content=\"index, follow, max-snippet:-1, max-image-preview:large, max-video-preview:-1\" \/>\n<link rel=\"canonical\" href=\"https:\/\/megankahts.com\/de\/doppo-notte\/\" \/>\n<meta property=\"og:locale\" content=\"de_DE\" \/>\n<meta property=\"og:type\" content=\"article\" \/>\n<meta property=\"og:title\" content=\"Doppo Notte - Details - Megan Kahts\" \/>\n<meta property=\"og:description\" content=\"Doppo Notte Soloist: Megan Kahts Produced by: Megan Kahts \u2022 Solo Musica Executive Producer: Hubert Haas Recording producer: Musikproduktion Stephan Reh \u2022 Recording Engineer, Editing, Mixing, Mastering: Stephan Reh \u00a0 Publishing Date: 06.02.2025 https:\/\/www.youtube.com\/watch?v=CekAu40mw2A Reviews Opernglas 02\/06 \u201c\u2026sensitively guided by Jeremy Joseph, while at the same time allowing the rich palette of Kahts\u2019 voice room [&hellip;]\" \/>\n<meta property=\"og:url\" content=\"https:\/\/megankahts.com\/de\/doppo-notte\/\" \/>\n<meta property=\"og:site_name\" content=\"Megan Kahts\" \/>\n<meta property=\"article:modified_time\" content=\"2026-02-12T08:30:09+00:00\" \/>\n<meta property=\"og:image\" content=\"https:\/\/megankahts.com\/wp-content\/uploads\/2026\/02\/silder-scaled.jpg\" \/>\n\t<meta property=\"og:image:width\" content=\"2560\" \/>\n\t<meta property=\"og:image:height\" content=\"1280\" \/>\n\t<meta property=\"og:image:type\" content=\"image\/jpeg\" \/>\n<meta name=\"twitter:card\" content=\"summary_large_image\" \/>\n<meta name=\"twitter:label1\" content=\"Gesch\u00e4tzte Lesezeit\" \/>\n\t<meta name=\"twitter:data1\" content=\"2\u00a0Minuten\" \/>\n<script type=\"application\/ld+json\" class=\"yoast-schema-graph\">{\"@context\":\"https:\\\/\\\/schema.org\",\"@graph\":[{\"@type\":\"WebPage\",\"@id\":\"https:\\\/\\\/megankahts.com\\\/doppo-notte\\\/\",\"url\":\"https:\\\/\\\/megankahts.com\\\/doppo-notte\\\/\",\"name\":\"Doppo Notte - Details - Megan Kahts\",\"isPartOf\":{\"@id\":\"https:\\\/\\\/megankahts.com\\\/#website\"},\"primaryImageOfPage\":{\"@id\":\"https:\\\/\\\/megankahts.com\\\/doppo-notte\\\/#primaryimage\"},\"image\":{\"@id\":\"https:\\\/\\\/megankahts.com\\\/doppo-notte\\\/#primaryimage\"},\"thumbnailUrl\":\"https:\\\/\\\/megankahts.com\\\/wp-content\\\/uploads\\\/2026\\\/02\\\/silder-scaled.jpg\",\"datePublished\":\"2026-02-12T08:08:49+00:00\",\"dateModified\":\"2026-02-12T08:30:09+00:00\",\"breadcrumb\":{\"@id\":\"https:\\\/\\\/megankahts.com\\\/doppo-notte\\\/#breadcrumb\"},\"inLanguage\":\"de\",\"potentialAction\":[{\"@type\":\"ReadAction\",\"target\":[\"https:\\\/\\\/megankahts.com\\\/doppo-notte\\\/\"]}]},{\"@type\":\"ImageObject\",\"inLanguage\":\"de\",\"@id\":\"https:\\\/\\\/megankahts.com\\\/doppo-notte\\\/#primaryimage\",\"url\":\"https:\\\/\\\/megankahts.com\\\/wp-content\\\/uploads\\\/2026\\\/02\\\/silder-scaled.jpg\",\"contentUrl\":\"https:\\\/\\\/megankahts.com\\\/wp-content\\\/uploads\\\/2026\\\/02\\\/silder-scaled.jpg\",\"width\":2560,\"height\":1280},{\"@type\":\"BreadcrumbList\",\"@id\":\"https:\\\/\\\/megankahts.com\\\/doppo-notte\\\/#breadcrumb\",\"itemListElement\":[{\"@type\":\"ListItem\",\"position\":1,\"name\":\"Startseite\",\"item\":\"https:\\\/\\\/megankahts.com\\\/\"},{\"@type\":\"ListItem\",\"position\":2,\"name\":\"Doppo Notte &#8211; Details\"}]},{\"@type\":\"WebSite\",\"@id\":\"https:\\\/\\\/megankahts.com\\\/#website\",\"url\":\"https:\\\/\\\/megankahts.com\\\/\",\"name\":\"Megan Kahts\",\"description\":\"\",\"potentialAction\":[{\"@type\":\"SearchAction\",\"target\":{\"@type\":\"EntryPoint\",\"urlTemplate\":\"https:\\\/\\\/megankahts.com\\\/?s={search_term_string}\"},\"query-input\":{\"@type\":\"PropertyValueSpecification\",\"valueRequired\":true,\"valueName\":\"search_term_string\"}}],\"inLanguage\":\"de\"}]}<\/script>\n<!-- \/ Yoast SEO plugin. -->","yoast_head_json":{"title":"Doppo Notte - Details - Megan Kahts","robots":{"index":"index","follow":"follow","max-snippet":"max-snippet:-1","max-image-preview":"max-image-preview:large","max-video-preview":"max-video-preview:-1"},"canonical":"https:\/\/megankahts.com\/de\/doppo-notte\/","og_locale":"de_DE","og_type":"article","og_title":"Doppo Notte - Details - Megan Kahts","og_description":"Doppo Notte Soloist: Megan Kahts Produced by: Megan Kahts \u2022 Solo Musica Executive Producer: Hubert Haas Recording producer: Musikproduktion Stephan Reh \u2022 Recording Engineer, Editing, Mixing, Mastering: Stephan Reh \u00a0 Publishing Date: 06.02.2025 https:\/\/www.youtube.com\/watch?v=CekAu40mw2A Reviews Opernglas 02\/06 \u201c\u2026sensitively guided by Jeremy Joseph, while at the same time allowing the rich palette of Kahts\u2019 voice room [&hellip;]","og_url":"https:\/\/megankahts.com\/de\/doppo-notte\/","og_site_name":"Megan Kahts","article_modified_time":"2026-02-12T08:30:09+00:00","og_image":[{"width":2560,"height":1280,"url":"https:\/\/megankahts.com\/wp-content\/uploads\/2026\/02\/silder-scaled.jpg","type":"image\/jpeg"}],"twitter_card":"summary_large_image","twitter_misc":{"Gesch\u00e4tzte Lesezeit":"2\u00a0Minuten"},"schema":{"@context":"https:\/\/schema.org","@graph":[{"@type":"WebPage","@id":"https:\/\/megankahts.com\/doppo-notte\/","url":"https:\/\/megankahts.com\/doppo-notte\/","name":"Doppo Notte - Details - Megan Kahts","isPartOf":{"@id":"https:\/\/megankahts.com\/#website"},"primaryImageOfPage":{"@id":"https:\/\/megankahts.com\/doppo-notte\/#primaryimage"},"image":{"@id":"https:\/\/megankahts.com\/doppo-notte\/#primaryimage"},"thumbnailUrl":"https:\/\/megankahts.com\/wp-content\/uploads\/2026\/02\/silder-scaled.jpg","datePublished":"2026-02-12T08:08:49+00:00","dateModified":"2026-02-12T08:30:09+00:00","breadcrumb":{"@id":"https:\/\/megankahts.com\/doppo-notte\/#breadcrumb"},"inLanguage":"de","potentialAction":[{"@type":"ReadAction","target":["https:\/\/megankahts.com\/doppo-notte\/"]}]},{"@type":"ImageObject","inLanguage":"de","@id":"https:\/\/megankahts.com\/doppo-notte\/#primaryimage","url":"https:\/\/megankahts.com\/wp-content\/uploads\/2026\/02\/silder-scaled.jpg","contentUrl":"https:\/\/megankahts.com\/wp-content\/uploads\/2026\/02\/silder-scaled.jpg","width":2560,"height":1280},{"@type":"BreadcrumbList","@id":"https:\/\/megankahts.com\/doppo-notte\/#breadcrumb","itemListElement":[{"@type":"ListItem","position":1,"name":"Startseite","item":"https:\/\/megankahts.com\/"},{"@type":"ListItem","position":2,"name":"Doppo Notte &#8211; Details"}]},{"@type":"WebSite","@id":"https:\/\/megankahts.com\/#website","url":"https:\/\/megankahts.com\/","name":"Megan Kahts","description":"","potentialAction":[{"@type":"SearchAction","target":{"@type":"EntryPoint","urlTemplate":"https:\/\/megankahts.com\/?s={search_term_string}"},"query-input":{"@type":"PropertyValueSpecification","valueRequired":true,"valueName":"search_term_string"}}],"inLanguage":"de"}]}},"_links":{"self":[{"href":"https:\/\/megankahts.com\/de\/wp-json\/wp\/v2\/pages\/3071","targetHints":{"allow":["GET"]}}],"collection":[{"href":"https:\/\/megankahts.com\/de\/wp-json\/wp\/v2\/pages"}],"about":[{"href":"https:\/\/megankahts.com\/de\/wp-json\/wp\/v2\/types\/page"}],"author":[{"embeddable":true,"href":"https:\/\/megankahts.com\/de\/wp-json\/wp\/v2\/users\/1"}],"replies":[{"embeddable":true,"href":"https:\/\/megankahts.com\/de\/wp-json\/wp\/v2\/comments?post=3071"}],"version-history":[{"count":23,"href":"https:\/\/megankahts.com\/de\/wp-json\/wp\/v2\/pages\/3071\/revisions"}],"predecessor-version":[{"id":3099,"href":"https:\/\/megankahts.com\/de\/wp-json\/wp\/v2\/pages\/3071\/revisions\/3099"}],"wp:featuredmedia":[{"embeddable":true,"href":"https:\/\/megankahts.com\/de\/wp-json\/wp\/v2\/media\/3095"}],"wp:attachment":[{"href":"https:\/\/megankahts.com\/de\/wp-json\/wp\/v2\/media?parent=3071"}],"curies":[{"name":"wp","href":"https:\/\/api.w.org\/{rel}","templated":true}]}}