{"id":3037,"date":"2026-02-11T18:52:11","date_gmt":"2026-02-11T18:52:11","guid":{"rendered":"https:\/\/megankahts.com\/?page_id=3037"},"modified":"2026-02-15T06:39:53","modified_gmt":"2026-02-15T06:39:53","slug":"repertoire","status":"publish","type":"page","link":"https:\/\/megankahts.com\/de\/repertoire\/","title":{"rendered":"Repertoire"},"content":{"rendered":"\t\t<div data-elementor-type=\"wp-page\" data-elementor-id=\"3037\" class=\"elementor elementor-3037\" data-elementor-settings=\"{&quot;element_pack_global_tooltip_width&quot;:{&quot;unit&quot;:&quot;px&quot;,&quot;size&quot;:&quot;&quot;,&quot;sizes&quot;:[]},&quot;element_pack_global_tooltip_width_tablet&quot;:{&quot;unit&quot;:&quot;px&quot;,&quot;size&quot;:&quot;&quot;,&quot;sizes&quot;:[]},&quot;element_pack_global_tooltip_width_mobile&quot;:{&quot;unit&quot;:&quot;px&quot;,&quot;size&quot;:&quot;&quot;,&quot;sizes&quot;:[]},&quot;element_pack_global_tooltip_padding&quot;:{&quot;unit&quot;:&quot;px&quot;,&quot;top&quot;:&quot;&quot;,&quot;right&quot;:&quot;&quot;,&quot;bottom&quot;:&quot;&quot;,&quot;left&quot;:&quot;&quot;,&quot;isLinked&quot;:true},&quot;element_pack_global_tooltip_padding_tablet&quot;:{&quot;unit&quot;:&quot;px&quot;,&quot;top&quot;:&quot;&quot;,&quot;right&quot;:&quot;&quot;,&quot;bottom&quot;:&quot;&quot;,&quot;left&quot;:&quot;&quot;,&quot;isLinked&quot;:true},&quot;element_pack_global_tooltip_padding_mobile&quot;:{&quot;unit&quot;:&quot;px&quot;,&quot;top&quot;:&quot;&quot;,&quot;right&quot;:&quot;&quot;,&quot;bottom&quot;:&quot;&quot;,&quot;left&quot;:&quot;&quot;,&quot;isLinked&quot;:true},&quot;element_pack_global_tooltip_border_radius&quot;:{&quot;unit&quot;:&quot;px&quot;,&quot;top&quot;:&quot;&quot;,&quot;right&quot;:&quot;&quot;,&quot;bottom&quot;:&quot;&quot;,&quot;left&quot;:&quot;&quot;,&quot;isLinked&quot;:true},&quot;element_pack_global_tooltip_border_radius_tablet&quot;:{&quot;unit&quot;:&quot;px&quot;,&quot;top&quot;:&quot;&quot;,&quot;right&quot;:&quot;&quot;,&quot;bottom&quot;:&quot;&quot;,&quot;left&quot;:&quot;&quot;,&quot;isLinked&quot;:true},&quot;element_pack_global_tooltip_border_radius_mobile&quot;:{&quot;unit&quot;:&quot;px&quot;,&quot;top&quot;:&quot;&quot;,&quot;right&quot;:&quot;&quot;,&quot;bottom&quot;:&quot;&quot;,&quot;left&quot;:&quot;&quot;,&quot;isLinked&quot;:true}}\" data-elementor-post-type=\"page\">\n\t\t\t\t<div class=\"elementor-element elementor-element-3975ed6 e-ecs-flex e-flex e-con-boxed e-con e-parent\" data-id=\"3975ed6\" data-element_type=\"container\" data-e-type=\"container\" data-settings=\"{&quot;ecs_container_type&quot;:&quot;flex&quot;}\">\n\t\t\t\t\t<div class=\"e-con-inner\">\n\t\t\t\t<div class=\"elementor-element elementor-element-07d9c5c elementor-widget elementor-widget-heading\" data-id=\"07d9c5c\" data-element_type=\"widget\" data-e-type=\"widget\" data-widget_type=\"heading.default\">\n\t\t\t\t<div class=\"elementor-widget-container\">\n\t\t\t\t\t<h2 class=\"elementor-heading-title elementor-size-default\">Repertoire<\/h2>\t\t\t\t<\/div>\n\t\t\t\t<\/div>\n\t\t\t\t<div class=\"elementor-element elementor-element-f642f46 elementor-widget elementor-widget-toggle\" data-id=\"f642f46\" data-element_type=\"widget\" data-e-type=\"widget\" data-widget_type=\"toggle.default\">\n\t\t\t\t<div class=\"elementor-widget-container\">\n\t\t\t\t\t\t\t<div class=\"elementor-toggle\">\n\t\t\t\t\t\t\t<div class=\"elementor-toggle-item\">\n\t\t\t\t\t<div id=\"elementor-tab-title-2581\" class=\"elementor-tab-title\" data-tab=\"1\" role=\"button\" aria-controls=\"elementor-tab-content-2581\" aria-expanded=\"false\">\n\t\t\t\t\t\t\t\t\t\t\t\t<span class=\"elementor-toggle-icon elementor-toggle-icon-right\" aria-hidden=\"true\">\n\t\t\t\t\t\t\t\t\t\t\t\t\t\t\t<span class=\"elementor-toggle-icon-closed\"><i class=\"lni lni-plus\"><\/i><\/span>\n\t\t\t\t\t\t\t\t<span class=\"elementor-toggle-icon-opened\"><i class=\"elementor-toggle-icon-opened lni lni-arrow-top-right\"><\/i><\/span>\n\t\t\t\t\t\t\t\t\t\t\t\t\t<\/span>\n\t\t\t\t\t\t\t\t\t\t\t\t<a class=\"elementor-toggle-title\" tabindex=\"0\">Operatic Roles<\/a>\n\t\t\t\t\t<\/div>\n\n\t\t\t\t\t<div id=\"elementor-tab-content-2581\" class=\"elementor-tab-content elementor-clearfix\" data-tab=\"1\" role=\"region\" aria-labelledby=\"elementor-tab-title-2581\"><p>C. Monteverdi, L&#8217;incoronazione di Poppea (Nerone)<br \/>J. B. Lully, Armide (Armide)<br \/>A. Vivaldi, Il Giustino (Giustino)<br \/>G.F. H\u00e4ndel, Alcina (Ruggiero)<br \/>G.F. H\u00e4ndel, Rinaldo (Rinaldo)<br \/>G.F. H\u00e4ndel, Ariodante (Ariodante)<br \/>G.F. H\u00e4ndel, Giulio Cesare (Sesto)<br \/>G.F: H\u00e4ndel, Oreste (Oreste)<br \/>G. B. Pergolesi, La serva padrona (Serpina)<br \/>J .A. Hasse, Piramo e Tisbe (Tisbe)<br \/>J. Haydn, L&#8217;isola disabitata (Costanza)<br \/>W.A. Mozart, Le Nozze di Figaro (Cherubino &amp; Susanna)<br \/>W. A. Mozart, Cosi fan Tutte (Dorabella)<br \/>W.A. Mozart, Don Giovanni (Zerlina &amp; Donna Elvira)<br \/>W. A. Mozart, La Clemenza di Tito (Sesto &amp; Annio)<br \/>G. Rossini, Il barbiere di Siviglia (Rosina)<br \/>G. Rossini, La Cenerentola (Angelina)<br \/>E. Humperdinck, H\u00e4nsel und Gretel (H\u00e4nsel)<br \/>C. Gounod, Romeo et Juliette (Stephano)<br \/>C. Gounod, Faust (Si\u00e9bel)<br \/>G, Bizet, Carmen (Carmen)<br \/>J. Straus II, Die Fledermaus (Orlofsky)<br \/>R. Strauss, Der Rosenkavalier (Oktavian)<br \/>R. Strauss, Ariadne auf Naxos (Der Komponist)<br \/>E. Krenek, Pallas Athene weint (Timaea)<br \/>Fabi\u00e1n Panisello, Die Judith von Shimoda (Ofuku und Clive)<\/p><\/div>\n\t\t\t\t<\/div>\n\t\t\t\t\t\t\t<div class=\"elementor-toggle-item\">\n\t\t\t\t\t<div id=\"elementor-tab-title-2582\" class=\"elementor-tab-title\" data-tab=\"2\" role=\"button\" aria-controls=\"elementor-tab-content-2582\" aria-expanded=\"false\">\n\t\t\t\t\t\t\t\t\t\t\t\t<span class=\"elementor-toggle-icon elementor-toggle-icon-right\" aria-hidden=\"true\">\n\t\t\t\t\t\t\t\t\t\t\t\t\t\t\t<span class=\"elementor-toggle-icon-closed\"><i class=\"lni lni-plus\"><\/i><\/span>\n\t\t\t\t\t\t\t\t<span class=\"elementor-toggle-icon-opened\"><i class=\"elementor-toggle-icon-opened lni lni-arrow-top-right\"><\/i><\/span>\n\t\t\t\t\t\t\t\t\t\t\t\t\t<\/span>\n\t\t\t\t\t\t\t\t\t\t\t\t<a class=\"elementor-toggle-title\" tabindex=\"0\">CURRENT Lied Recital programmes (2026)<\/a>\n\t\t\t\t\t<\/div>\n\n\t\t\t\t\t<div id=\"elementor-tab-content-2582\" class=\"elementor-tab-content elementor-clearfix\" data-tab=\"2\" role=\"region\" aria-labelledby=\"elementor-tab-title-2582\"><p><strong>The German Romantic Love Triangle <\/strong>\u00a0&#8211; R. und C. Schumann mit Johannes Brahms<\/p><p><strong>The Ladies of Schubert und Schumann<\/strong> \u2013 Schubert (Lieder der Suleika, Mignon, Delphine, Gretchen am Spinnrade etc.), R. Schumann (Frauenliebe und -leben), C. Schumann (Op.13)<\/p><p><strong>Hugo Wolf \u2013 das italienische Liederbuch<\/strong> (mit Bariton Dietrich Henschel)<\/p><p><strong>Fin de Siecle<\/strong> \u2013 G. Mahler (R\u00fcckert-Lieder), E.W. Korngold (Five English Songs, Op. 38), Barber (Hermit Songs), Poulenc (M\u00e9tamorphose), M. de Falla, Siete canciones populares espa\u00f1olas<\/p><p><strong>Gypsy Life<\/strong> \u2013 J. Brahms (Zigeunerlieder), H. Wolf (Die Zigeunerin etc.), F. Liszt (Die drei Zigeuner), A. Dvorak (Zigeurnerlieder), S. Rachmaninoff, B. Bart\u00f3k, L. Jan\u00e1\u010dek<\/p><\/div>\n\t\t\t\t<\/div>\n\t\t\t\t\t\t\t<div class=\"elementor-toggle-item\">\n\t\t\t\t\t<div id=\"elementor-tab-title-2583\" class=\"elementor-tab-title\" data-tab=\"3\" role=\"button\" aria-controls=\"elementor-tab-content-2583\" aria-expanded=\"false\">\n\t\t\t\t\t\t\t\t\t\t\t\t<span class=\"elementor-toggle-icon elementor-toggle-icon-right\" aria-hidden=\"true\">\n\t\t\t\t\t\t\t\t\t\t\t\t\t\t\t<span class=\"elementor-toggle-icon-closed\"><i class=\"lni lni-plus\"><\/i><\/span>\n\t\t\t\t\t\t\t\t<span class=\"elementor-toggle-icon-opened\"><i class=\"elementor-toggle-icon-opened lni lni-arrow-top-right\"><\/i><\/span>\n\t\t\t\t\t\t\t\t\t\t\t\t\t<\/span>\n\t\t\t\t\t\t\t\t\t\t\t\t<a class=\"elementor-toggle-title\" tabindex=\"0\">CURRENT Baroque Cantata-programme<\/a>\n\t\t\t\t\t<\/div>\n\n\t\t\t\t\t<div id=\"elementor-tab-content-2583\" class=\"elementor-tab-content elementor-clearfix\" data-tab=\"3\" role=\"region\" aria-labelledby=\"elementor-tab-title-2583\"><p><strong>In dolce abbandono \u2013 with the Carestini Ensemble Wien (2 violins, 1 viola, 1 cello, 1 harpsichord):<\/strong><\/p><p>Handel (Ouvert\u00fcre from Rinaldo, HWV 7a), Handel (Armida abbandonata, HWV 105), <br \/>Telemann (Quartet in E flat-major, TWV 43:Es1), Haydn (Arianna a Naxos, Hob. XXVIb:2),\u00a0<\/p><\/div>\n\t\t\t\t<\/div>\n\t\t\t\t\t\t\t\t<\/div>\n\t\t\t\t\t\t<\/div>\n\t\t\t\t<\/div>\n\t\t\t\t<div class=\"elementor-element elementor-element-3cb80ac elementor-widget elementor-widget-button\" data-id=\"3cb80ac\" data-element_type=\"widget\" data-e-type=\"widget\" data-widget_type=\"button.default\">\n\t\t\t\t<div class=\"elementor-widget-container\">\n\t\t\t\t\t\t\t\t\t<div class=\"elementor-button-wrapper\">\n\t\t\t\t\t<a class=\"elementor-button elementor-button-link elementor-size-sm\" href=\"https:\/\/megankahts.com\/wp-content\/uploads\/2026\/02\/Repertoire-list-2026.pdf\" target=\"_blank\">\n\t\t\t\t\t\t<span class=\"elementor-button-content-wrapper\">\n\t\t\t\t\t\t\t\t\t<span class=\"elementor-button-text\">Download Repetoire EN<\/span>\n\t\t\t\t\t<\/span>\n\t\t\t\t\t<\/a>\n\t\t\t\t<\/div>\n\t\t\t\t\t\t\t\t<\/div>\n\t\t\t\t<\/div>\n\t\t\t\t<div class=\"elementor-element elementor-element-e787182 elementor-widget elementor-widget-button\" data-id=\"e787182\" data-element_type=\"widget\" data-e-type=\"widget\" data-widget_type=\"button.default\">\n\t\t\t\t<div class=\"elementor-widget-container\">\n\t\t\t\t\t\t\t\t\t<div class=\"elementor-button-wrapper\">\n\t\t\t\t\t<a class=\"elementor-button elementor-button-link elementor-size-sm\" href=\"https:\/\/megankahts.com\/wp-content\/uploads\/2026\/02\/Repertoireliste-DE-Jan-2026.pdf\" target=\"_blank\">\n\t\t\t\t\t\t<span class=\"elementor-button-content-wrapper\">\n\t\t\t\t\t\t\t\t\t<span class=\"elementor-button-text\">Download Repetoire  DE<\/span>\n\t\t\t\t\t<\/span>\n\t\t\t\t\t<\/a>\n\t\t\t\t<\/div>\n\t\t\t\t\t\t\t\t<\/div>\n\t\t\t\t<\/div>\n\t\t\t\t<div class=\"elementor-element elementor-element-0793479 elementor-hidden-desktop elementor-hidden-tablet elementor-hidden-mobile e-n-tabs-mobile elementor-widget elementor-widget-n-tabs\" data-id=\"0793479\" data-element_type=\"widget\" data-e-type=\"widget\" data-settings=\"{&quot;tabs_justify_horizontal&quot;:&quot;start&quot;,&quot;horizontal_scroll&quot;:&quot;disable&quot;}\" data-widget_type=\"nested-tabs.default\">\n\t\t\t\t<div class=\"elementor-widget-container\">\n\t\t\t\t\t\t\t<div class=\"e-n-tabs\" data-widget-number=\"7943289\" aria-label=\"Registerkarten. \u00d6ffnen Sie Elemente mit [Enter] oder [Leertaste], schlie\u00dfen Sie sie mit [Esc] und navigieren Sie mit den Pfeiltasten.\">\n\t\t\t<div class=\"e-n-tabs-heading\" role=\"tablist\">\n\t\t\t\t\t<button id=\"e-n-tab-title-79432891\" data-tab-title-id=\"e-n-tab-title-79432891\" class=\"e-n-tab-title\" aria-selected=\"true\" data-tab-index=\"1\" role=\"tab\" tabindex=\"0\" aria-controls=\"e-n-tab-content-79432891\" style=\"--n-tabs-title-order: 1;\">\n\t\t\t\t\t\t<span class=\"e-n-tab-title-text\">\n\t\t\t\tBiography\t\t\t<\/span>\n\t\t<\/button>\n\t\t\t\t<button id=\"e-n-tab-title-79432892\" data-tab-title-id=\"e-n-tab-title-79432892\" class=\"e-n-tab-title\" aria-selected=\"false\" data-tab-index=\"2\" role=\"tab\" tabindex=\"-1\" aria-controls=\"e-n-tab-content-79432892\" style=\"--n-tabs-title-order: 2;\">\n\t\t\t\t\t\t<span class=\"e-n-tab-title-text\">\n\t\t\t\tRepertoire\t\t\t<\/span>\n\t\t<\/button>\n\t\t\t\t\t<\/div>\n\t\t\t<div class=\"e-n-tabs-content\">\n\t\t\t\t<div id=\"e-n-tab-content-79432891\" role=\"tabpanel\" aria-labelledby=\"e-n-tab-title-79432891\" data-tab-index=\"1\" style=\"--n-tabs-title-order: 1;\" class=\"e-active elementor-element elementor-element-5809bf6 e-con-full e-ecs-flex e-flex e-con e-child\" data-id=\"5809bf6\" data-element_type=\"container\" data-e-type=\"container\" data-settings=\"{&quot;ecs_container_type&quot;:&quot;flex&quot;}\">\n\t\t\t\t<\/div>\n\t\t<div id=\"e-n-tab-content-79432892\" role=\"tabpanel\" aria-labelledby=\"e-n-tab-title-79432892\" data-tab-index=\"2\" style=\"--n-tabs-title-order: 2;\" class=\" elementor-element elementor-element-79649e9 e-con-full e-ecs-flex e-flex e-con e-child\" data-id=\"79649e9\" data-element_type=\"container\" data-e-type=\"container\" data-settings=\"{&quot;background_background&quot;:&quot;classic&quot;,&quot;ecs_container_type&quot;:&quot;flex&quot;}\">\n\t\t\t\t<\/div>\n\t\t\t\t\t<\/div>\n\t\t<\/div>\n\t\t\t\t\t\t<\/div>\n\t\t\t\t<\/div>\n\t\t\t\t<div class=\"elementor-element elementor-element-0b41753 elementor-pagination-position-outside elementor-widget elementor-widget-image-carousel\" data-id=\"0b41753\" data-element_type=\"widget\" data-e-type=\"widget\" data-settings=\"{&quot;slides_to_show&quot;:&quot;1&quot;,&quot;navigation&quot;:&quot;dots&quot;,&quot;autoplay&quot;:&quot;yes&quot;,&quot;pause_on_hover&quot;:&quot;yes&quot;,&quot;pause_on_interaction&quot;:&quot;yes&quot;,&quot;autoplay_speed&quot;:5000,&quot;infinite&quot;:&quot;yes&quot;,&quot;effect&quot;:&quot;slide&quot;,&quot;speed&quot;:500}\" data-widget_type=\"image-carousel.default\">\n\t\t\t\t<div class=\"elementor-widget-container\">\n\t\t\t\t\t\t\t<div class=\"elementor-image-carousel-wrapper swiper\" role=\"region\" aria-roledescription=\"carousel\" aria-label=\"Image Carousel\" dir=\"ltr\">\n\t\t\t<div class=\"elementor-image-carousel swiper-wrapper swiper-image-stretch\" aria-live=\"off\">\n\t\t\t\t\t\t\t\t<div class=\"swiper-slide\" role=\"group\" aria-roledescription=\"slide\" aria-label=\"1 von 6\"><figure class=\"swiper-slide-inner\"><img decoding=\"async\" class=\"swiper-slide-image\" src=\"https:\/\/megankahts.com\/wp-content\/uploads\/2023\/04\/1.jpg\" alt=\"Opera Jewels Concerts\" \/><\/figure><\/div><div class=\"swiper-slide\" role=\"group\" aria-roledescription=\"slide\" aria-label=\"2 von 6\"><figure class=\"swiper-slide-inner\"><img decoding=\"async\" class=\"swiper-slide-image\" src=\"https:\/\/megankahts.com\/wp-content\/uploads\/2023\/03\/stage-megan-03.jpg\" alt=\"\" \/><\/figure><\/div><div class=\"swiper-slide\" role=\"group\" aria-roledescription=\"slide\" aria-label=\"3 von 6\"><figure class=\"swiper-slide-inner\"><img decoding=\"async\" class=\"swiper-slide-image\" src=\"https:\/\/megankahts.com\/wp-content\/uploads\/2023\/03\/stage-megan-08.jpg\" alt=\"Kitz Race Party \u2013 Hahnenkamm Rennen\" \/><\/figure><\/div><div class=\"swiper-slide\" role=\"group\" aria-roledescription=\"slide\" aria-label=\"4 von 6\"><figure class=\"swiper-slide-inner\"><img decoding=\"async\" class=\"swiper-slide-image\" src=\"https:\/\/megankahts.com\/wp-content\/uploads\/2023\/03\/ruggerio-3.jpg\" alt=\"Ruggiero \u2013 Alcina\" \/><\/figure><\/div><div class=\"swiper-slide\" role=\"group\" aria-roledescription=\"slide\" aria-label=\"5 von 6\"><figure class=\"swiper-slide-inner\"><img decoding=\"async\" class=\"swiper-slide-image\" src=\"https:\/\/megankahts.com\/wp-content\/uploads\/2023\/03\/cherubino-1.jpg\" alt=\"Cherubino \u2013 Le Nozze di Figaro\" \/><\/figure><\/div><div class=\"swiper-slide\" role=\"group\" aria-roledescription=\"slide\" aria-label=\"6 von 6\"><figure class=\"swiper-slide-inner\"><img decoding=\"async\" class=\"swiper-slide-image\" src=\"https:\/\/megankahts.com\/wp-content\/uploads\/2023\/03\/As-Despina-in-Cosi-fan-tutte.jpg\" alt=\"As Despina in Cosi fan tutte\" \/><\/figure><\/div>\t\t\t<\/div>\n\t\t\t\t\t\t\t\n\t\t\t\t\t\t\t\t\t<div class=\"swiper-pagination\"><\/div>\n\t\t\t\t\t\t\t\t\t<\/div>\n\t\t\t\t\t\t<\/div>\n\t\t\t\t<\/div>\n\t\t\t\t\t<\/div>\n\t\t\t\t<\/div>\n\t\t\t\t<\/div>\n\t\t","protected":false},"excerpt":{"rendered":"<p>Repertoire Operatic Roles C. Monteverdi, L&#8217;incoronazione di Poppea (Nerone)J. B. Lully, Armide (Armide)A. Vivaldi, Il Giustino (Giustino)G.F. H\u00e4ndel, Alcina (Ruggiero)G.F. H\u00e4ndel, Rinaldo (Rinaldo)G.F. H\u00e4ndel, Ariodante (Ariodante)G.F. H\u00e4ndel, Giulio Cesare (Sesto)G.F: H\u00e4ndel, Oreste (Oreste)G. B. Pergolesi, La serva padrona (Serpina)J .A. Hasse, Piramo e Tisbe (Tisbe)J. Haydn, L&#8217;isola disabitata (Costanza)W.A. Mozart, Le Nozze di Figaro (Cherubino [&hellip;]<\/p>\n","protected":false},"author":1,"featured_media":84,"parent":0,"menu_order":0,"comment_status":"closed","ping_status":"closed","template":"","meta":{"_acf_changed":false,"footnotes":""},"class_list":["post-3037","page","type-page","status-publish","has-post-thumbnail","hentry"],"acf":[],"yoast_head":"<!-- This site is optimized with the Yoast SEO plugin v27.6 - https:\/\/yoast.com\/product\/yoast-seo-wordpress\/ -->\n<title>Repertoire - Megan Kahts<\/title>\n<meta name=\"robots\" content=\"index, follow, max-snippet:-1, max-image-preview:large, max-video-preview:-1\" \/>\n<link rel=\"canonical\" href=\"https:\/\/megankahts.com\/de\/repertoire\/\" \/>\n<meta property=\"og:locale\" content=\"de_DE\" \/>\n<meta property=\"og:type\" content=\"article\" \/>\n<meta property=\"og:title\" content=\"Repertoire - Megan Kahts\" \/>\n<meta property=\"og:description\" content=\"Repertoire Operatic Roles C. Monteverdi, L&#8217;incoronazione di Poppea (Nerone)J. B. Lully, Armide (Armide)A. Vivaldi, Il Giustino (Giustino)G.F. H\u00e4ndel, Alcina (Ruggiero)G.F. H\u00e4ndel, Rinaldo (Rinaldo)G.F. H\u00e4ndel, Ariodante (Ariodante)G.F. H\u00e4ndel, Giulio Cesare (Sesto)G.F: H\u00e4ndel, Oreste (Oreste)G. B. Pergolesi, La serva padrona (Serpina)J .A. Hasse, Piramo e Tisbe (Tisbe)J. Haydn, L&#8217;isola disabitata (Costanza)W.A. Mozart, Le Nozze di Figaro (Cherubino [&hellip;]\" \/>\n<meta property=\"og:url\" content=\"https:\/\/megankahts.com\/de\/repertoire\/\" \/>\n<meta property=\"og:site_name\" content=\"Megan Kahts\" \/>\n<meta property=\"article:modified_time\" content=\"2026-02-15T06:39:53+00:00\" \/>\n<meta property=\"og:image\" content=\"https:\/\/megankahts.com\/wp-content\/uploads\/2023\/03\/megan-4.jpg\" \/>\n\t<meta property=\"og:image:width\" content=\"2048\" \/>\n\t<meta property=\"og:image:height\" content=\"1205\" \/>\n\t<meta property=\"og:image:type\" content=\"image\/jpeg\" \/>\n<meta name=\"twitter:card\" content=\"summary_large_image\" \/>\n<meta name=\"twitter:label1\" content=\"Gesch\u00e4tzte Lesezeit\" \/>\n\t<meta name=\"twitter:data1\" content=\"4\u00a0Minuten\" \/>\n<script type=\"application\/ld+json\" class=\"yoast-schema-graph\">{\"@context\":\"https:\\\/\\\/schema.org\",\"@graph\":[{\"@type\":\"WebPage\",\"@id\":\"https:\\\/\\\/megankahts.com\\\/repertoire\\\/\",\"url\":\"https:\\\/\\\/megankahts.com\\\/repertoire\\\/\",\"name\":\"Repertoire - Megan Kahts\",\"isPartOf\":{\"@id\":\"https:\\\/\\\/megankahts.com\\\/#website\"},\"primaryImageOfPage\":{\"@id\":\"https:\\\/\\\/megankahts.com\\\/repertoire\\\/#primaryimage\"},\"image\":{\"@id\":\"https:\\\/\\\/megankahts.com\\\/repertoire\\\/#primaryimage\"},\"thumbnailUrl\":\"https:\\\/\\\/megankahts.com\\\/wp-content\\\/uploads\\\/2023\\\/03\\\/megan-4.jpg\",\"datePublished\":\"2026-02-11T18:52:11+00:00\",\"dateModified\":\"2026-02-15T06:39:53+00:00\",\"breadcrumb\":{\"@id\":\"https:\\\/\\\/megankahts.com\\\/repertoire\\\/#breadcrumb\"},\"inLanguage\":\"de\",\"potentialAction\":[{\"@type\":\"ReadAction\",\"target\":[\"https:\\\/\\\/megankahts.com\\\/repertoire\\\/\"]}]},{\"@type\":\"ImageObject\",\"inLanguage\":\"de\",\"@id\":\"https:\\\/\\\/megankahts.com\\\/repertoire\\\/#primaryimage\",\"url\":\"https:\\\/\\\/megankahts.com\\\/wp-content\\\/uploads\\\/2023\\\/03\\\/megan-4.jpg\",\"contentUrl\":\"https:\\\/\\\/megankahts.com\\\/wp-content\\\/uploads\\\/2023\\\/03\\\/megan-4.jpg\",\"width\":2048,\"height\":1205},{\"@type\":\"BreadcrumbList\",\"@id\":\"https:\\\/\\\/megankahts.com\\\/repertoire\\\/#breadcrumb\",\"itemListElement\":[{\"@type\":\"ListItem\",\"position\":1,\"name\":\"Startseite\",\"item\":\"https:\\\/\\\/megankahts.com\\\/\"},{\"@type\":\"ListItem\",\"position\":2,\"name\":\"Repertoire\"}]},{\"@type\":\"WebSite\",\"@id\":\"https:\\\/\\\/megankahts.com\\\/#website\",\"url\":\"https:\\\/\\\/megankahts.com\\\/\",\"name\":\"Megan Kahts\",\"description\":\"\",\"potentialAction\":[{\"@type\":\"SearchAction\",\"target\":{\"@type\":\"EntryPoint\",\"urlTemplate\":\"https:\\\/\\\/megankahts.com\\\/?s={search_term_string}\"},\"query-input\":{\"@type\":\"PropertyValueSpecification\",\"valueRequired\":true,\"valueName\":\"search_term_string\"}}],\"inLanguage\":\"de\"}]}<\/script>\n<!-- \/ Yoast SEO plugin. -->","yoast_head_json":{"title":"Repertoire - Megan Kahts","robots":{"index":"index","follow":"follow","max-snippet":"max-snippet:-1","max-image-preview":"max-image-preview:large","max-video-preview":"max-video-preview:-1"},"canonical":"https:\/\/megankahts.com\/de\/repertoire\/","og_locale":"de_DE","og_type":"article","og_title":"Repertoire - Megan Kahts","og_description":"Repertoire Operatic Roles C. Monteverdi, L&#8217;incoronazione di Poppea (Nerone)J. B. Lully, Armide (Armide)A. Vivaldi, Il Giustino (Giustino)G.F. H\u00e4ndel, Alcina (Ruggiero)G.F. H\u00e4ndel, Rinaldo (Rinaldo)G.F. H\u00e4ndel, Ariodante (Ariodante)G.F. H\u00e4ndel, Giulio Cesare (Sesto)G.F: H\u00e4ndel, Oreste (Oreste)G. B. Pergolesi, La serva padrona (Serpina)J .A. Hasse, Piramo e Tisbe (Tisbe)J. Haydn, L&#8217;isola disabitata (Costanza)W.A. Mozart, Le Nozze di Figaro (Cherubino [&hellip;]","og_url":"https:\/\/megankahts.com\/de\/repertoire\/","og_site_name":"Megan Kahts","article_modified_time":"2026-02-15T06:39:53+00:00","og_image":[{"width":2048,"height":1205,"url":"https:\/\/megankahts.com\/wp-content\/uploads\/2023\/03\/megan-4.jpg","type":"image\/jpeg"}],"twitter_card":"summary_large_image","twitter_misc":{"Gesch\u00e4tzte Lesezeit":"4\u00a0Minuten"},"schema":{"@context":"https:\/\/schema.org","@graph":[{"@type":"WebPage","@id":"https:\/\/megankahts.com\/repertoire\/","url":"https:\/\/megankahts.com\/repertoire\/","name":"Repertoire - Megan Kahts","isPartOf":{"@id":"https:\/\/megankahts.com\/#website"},"primaryImageOfPage":{"@id":"https:\/\/megankahts.com\/repertoire\/#primaryimage"},"image":{"@id":"https:\/\/megankahts.com\/repertoire\/#primaryimage"},"thumbnailUrl":"https:\/\/megankahts.com\/wp-content\/uploads\/2023\/03\/megan-4.jpg","datePublished":"2026-02-11T18:52:11+00:00","dateModified":"2026-02-15T06:39:53+00:00","breadcrumb":{"@id":"https:\/\/megankahts.com\/repertoire\/#breadcrumb"},"inLanguage":"de","potentialAction":[{"@type":"ReadAction","target":["https:\/\/megankahts.com\/repertoire\/"]}]},{"@type":"ImageObject","inLanguage":"de","@id":"https:\/\/megankahts.com\/repertoire\/#primaryimage","url":"https:\/\/megankahts.com\/wp-content\/uploads\/2023\/03\/megan-4.jpg","contentUrl":"https:\/\/megankahts.com\/wp-content\/uploads\/2023\/03\/megan-4.jpg","width":2048,"height":1205},{"@type":"BreadcrumbList","@id":"https:\/\/megankahts.com\/repertoire\/#breadcrumb","itemListElement":[{"@type":"ListItem","position":1,"name":"Startseite","item":"https:\/\/megankahts.com\/"},{"@type":"ListItem","position":2,"name":"Repertoire"}]},{"@type":"WebSite","@id":"https:\/\/megankahts.com\/#website","url":"https:\/\/megankahts.com\/","name":"Megan Kahts","description":"","potentialAction":[{"@type":"SearchAction","target":{"@type":"EntryPoint","urlTemplate":"https:\/\/megankahts.com\/?s={search_term_string}"},"query-input":{"@type":"PropertyValueSpecification","valueRequired":true,"valueName":"search_term_string"}}],"inLanguage":"de"}]}},"_links":{"self":[{"href":"https:\/\/megankahts.com\/de\/wp-json\/wp\/v2\/pages\/3037","targetHints":{"allow":["GET"]}}],"collection":[{"href":"https:\/\/megankahts.com\/de\/wp-json\/wp\/v2\/pages"}],"about":[{"href":"https:\/\/megankahts.com\/de\/wp-json\/wp\/v2\/types\/page"}],"author":[{"embeddable":true,"href":"https:\/\/megankahts.com\/de\/wp-json\/wp\/v2\/users\/1"}],"replies":[{"embeddable":true,"href":"https:\/\/megankahts.com\/de\/wp-json\/wp\/v2\/comments?post=3037"}],"version-history":[{"count":29,"href":"https:\/\/megankahts.com\/de\/wp-json\/wp\/v2\/pages\/3037\/revisions"}],"predecessor-version":[{"id":3164,"href":"https:\/\/megankahts.com\/de\/wp-json\/wp\/v2\/pages\/3037\/revisions\/3164"}],"wp:featuredmedia":[{"embeddable":true,"href":"https:\/\/megankahts.com\/de\/wp-json\/wp\/v2\/media\/84"}],"wp:attachment":[{"href":"https:\/\/megankahts.com\/de\/wp-json\/wp\/v2\/media?parent=3037"}],"curies":[{"name":"wp","href":"https:\/\/api.w.org\/{rel}","templated":true}]}}